{"id":2651,"date":"2019-03-21T15:49:04","date_gmt":"2019-03-21T15:49:04","guid":{"rendered":"https:\/\/dor.qodeinteractive.com\/elementor\/?page_id=2651"},"modified":"2022-11-18T19:56:44","modified_gmt":"2022-11-18T19:56:44","slug":"portfolio","status":"publish","type":"page","link":"https:\/\/marioalvesarquiteto.pt\/index.php\/portfolio\/","title":{"rendered":"Portfolio"},"content":{"rendered":"\t\t<div data-elementor-type=\"wp-page\" data-elementor-id=\"2651\" class=\"elementor elementor-2651\">\n\t\t\t\t\t\t\t\t\t<section class=\"elementor-section elementor-top-section elementor-element elementor-element-607e3ef elementor-section-full_width mkdf-elementor-row-grid-section elementor-section-height-default elementor-section-height-default mkdf-parallax-row-no mkdf-content-aligment-left mkdf-disabled-bg-image-bellow-no\" data-id=\"607e3ef\" data-element_type=\"section\">\n\t\t\t\t\t\t<div class=\"elementor-container elementor-column-gap-default\">\n\t\t\t\t\t<div class=\"elementor-column elementor-col-100 elementor-top-column elementor-element elementor-element-a96de75\" data-id=\"a96de75\" data-element_type=\"column\">\n\t\t\t<div class=\"elementor-widget-wrap elementor-element-populated\">\n\t\t\t\t\t\t\t\t<div class=\"elementor-element elementor-element-377c82c elementor-widget elementor-widget-mkdf_portfolio_tabs_slider\" data-id=\"377c82c\" data-element_type=\"widget\" data-widget_type=\"mkdf_portfolio_tabs_slider.default\">\n\t\t\t\t<div class=\"elementor-widget-container\">\n\t\t\t<div class=\"mkdf-portfolio-tabs-slider \">\n\t<div class=\"mkdf-pts-menu mkdf-columns-2\">\n    <ul>\n\t\t            <li>\n                <a href=\"#\">\n\t\t\t\t\t<span class=\"mkdf-pts-menu-text\">\n                    Habita\u00e7\u00e3o multifamiliar                    <\/span>\n                <\/a>\n            <\/li>\n\t\t            <li>\n                <a href=\"#\">\n\t\t\t\t\t<span class=\"mkdf-pts-menu-text\">\n                    Habita\u00e7\u00e3o Unifamiliares                    <\/span>\n                <\/a>\n            <\/li>\n\t\t    <\/ul>\n<\/div>    <div class=\"mkdf-pts-content mkdf-owl-slider\">\n\t\t<div class=\"mkdf-portfolio-list-holder mkdf-grid-list mkdf-pl-gallery mkdf-three-columns mkdf-huge-space  mkdf-disable-bottom-space mkdf-pl-standard-shader    mkdf-pl-pag-no-pagination      \"  data-type=gallery data-number-of-columns=three data-space-between-items=huge data-number-of-items=9 data-image-proportions=square data-enable-fixed-proportions=no data-enable-image-shadow=no data-category=habitacao-multifamiliar data-orderby=date data-order=DESC data-item-style=standard-shader data-enable-title=yes data-title-tag=h5 data-enable-category=yes data-enable-excerpt=no data-pagination-type=no-pagination data-filter=no data-filter-order-by=name data-enable-article-animation=no data-portfolio-slider-on=no data-enable-loop=yes data-enable-autoplay=yes data-slider-speed=5000 data-slider-speed-animation=800 data-enable-navigation=yes data-enable-pagination=yes data-list-is-slider=no data-custom-stylization=no data-max-num-pages=1 data-next-page=2>\n\t\t<div class=\"mkdf-pl-inner mkdf-outer-space  clearfix\">\n\t\t\n<article class=\"mkdf-pl-item mkdf-item-space  post-6357 portfolio-item type-portfolio-item status-publish has-post-thumbnail hentry portfolio-category-habitacao-multifamiliar portfolio-tag-portfolio\" >\n\t<div class=\"mkdf-pl-item-inner\">\n\t\t<div class=\"mkdf-pli-image\">\n\t<a itemprop=\"url\" class=\"mkdf-pli-image-main\" <?if(basename($_SERVER['PHP_SELF'])!='index.php'){?>href=\"https:\/\/marioalvesarquiteto.pt\/index.php\/portfolio-item\/5-avenida\/\" target=\"_self\" <?}?>>\n\t\t<img width=\"650\" height=\"650\" src=\"https:\/\/marioalvesarquiteto.pt\/wp-content\/uploads\/2022\/09\/20220219-ARQ-MARIO-ALVES-5-AVENIDA-046-650x650.jpg\" class=\"attachment-dor_mikado_image_square size-dor_mikado_image_square wp-post-image\" alt=\"\" loading=\"lazy\" srcset=\"https:\/\/marioalvesarquiteto.pt\/wp-content\/uploads\/2022\/09\/20220219-ARQ-MARIO-ALVES-5-AVENIDA-046-650x650.jpg 650w, https:\/\/marioalvesarquiteto.pt\/wp-content\/uploads\/2022\/09\/20220219-ARQ-MARIO-ALVES-5-AVENIDA-046-150x150.jpg 150w, https:\/\/marioalvesarquiteto.pt\/wp-content\/uploads\/2022\/09\/20220219-ARQ-MARIO-ALVES-5-AVENIDA-046-450x450.jpg 450w, https:\/\/marioalvesarquiteto.pt\/wp-content\/uploads\/2022\/09\/20220219-ARQ-MARIO-ALVES-5-AVENIDA-046-1300x1300.jpg 1300w\" sizes=\"(max-width: 650px) 100vw, 650px\" \/>\t<\/a>\n\t<\/div>\n<div class=\"mkdf-pli-text-holder\" >\n\t<div class=\"mkdf-pli-text-wrapper\">\n\t\t<div class=\"mkdf-pli-text\">\n\t\t\t\t<h5 itemprop=\"name\" class=\"mkdf-pli-title entry-title\" >\n\t\t<a itemprop=\"url\" href=\"https:\/\/marioalvesarquiteto.pt\/index.php\/portfolio-item\/5-avenida\/\" target=\"_self\">\n\t\t\t5 AVENIDA\t\t<\/a>\n\t<\/h5>\n\n\t\t\t\t\t<div class=\"mkdf-pli-category-holder\">\n\t\t\t\t\t\t\t<span class=\"mkdf-pli-category-outer\"><a itemprop=\"url\" class=\"mkdf-pli-category\" href=\"https:\/\/marioalvesarquiteto.pt\/index.php\/portfolio-category\/habitacao-multifamiliar\/\">Habita\u00e7\u00e3o multifamiliar<\/a><\/span>\n\t\t\t\t\t<\/div>\n\t\n\t\t\t\n\t\t\t\t\t<\/div>\n\t<\/div>\n<\/div>\n\t\t\t<\/div>\n<\/article>\n<article class=\"mkdf-pl-item mkdf-item-space  post-2057 portfolio-item type-portfolio-item status-publish has-post-thumbnail hentry portfolio-category-habitacao-multifamiliar portfolio-tag-portfolio\" >\n\t<div class=\"mkdf-pl-item-inner\">\n\t\t<div class=\"mkdf-pli-image\">\n\t<a itemprop=\"url\" class=\"mkdf-pli-image-main\" <?if(basename($_SERVER['PHP_SELF'])!='index.php'){?>href=\"https:\/\/marioalvesarquiteto.pt\/index.php\/portfolio-item\/vintage-chair\/\" target=\"_self\" <?}?>>\n\t\t<img width=\"650\" height=\"650\" src=\"https:\/\/marioalvesarquiteto.pt\/wp-content\/uploads\/2019\/03\/20220126-ARQ-MARIO-ALVES-PURO-HOMES-078-650x650.jpg\" class=\"attachment-dor_mikado_image_square size-dor_mikado_image_square wp-post-image\" alt=\"\" loading=\"lazy\" srcset=\"https:\/\/marioalvesarquiteto.pt\/wp-content\/uploads\/2019\/03\/20220126-ARQ-MARIO-ALVES-PURO-HOMES-078-650x650.jpg 650w, https:\/\/marioalvesarquiteto.pt\/wp-content\/uploads\/2019\/03\/20220126-ARQ-MARIO-ALVES-PURO-HOMES-078-150x150.jpg 150w, https:\/\/marioalvesarquiteto.pt\/wp-content\/uploads\/2019\/03\/20220126-ARQ-MARIO-ALVES-PURO-HOMES-078-450x450.jpg 450w, https:\/\/marioalvesarquiteto.pt\/wp-content\/uploads\/2019\/03\/20220126-ARQ-MARIO-ALVES-PURO-HOMES-078-1300x1300.jpg 1300w\" sizes=\"(max-width: 650px) 100vw, 650px\" \/>\t<\/a>\n\t<\/div>\n<div class=\"mkdf-pli-text-holder\" >\n\t<div class=\"mkdf-pli-text-wrapper\">\n\t\t<div class=\"mkdf-pli-text\">\n\t\t\t\t<h5 itemprop=\"name\" class=\"mkdf-pli-title entry-title\" >\n\t\t<a itemprop=\"url\" href=\"https:\/\/marioalvesarquiteto.pt\/index.php\/portfolio-item\/vintage-chair\/\" target=\"_self\">\n\t\t\tPURO H\t\t<\/a>\n\t<\/h5>\n\n\t\t\t\t\t<div class=\"mkdf-pli-category-holder\">\n\t\t\t\t\t\t\t<span class=\"mkdf-pli-category-outer\"><a itemprop=\"url\" class=\"mkdf-pli-category\" href=\"https:\/\/marioalvesarquiteto.pt\/index.php\/portfolio-category\/habitacao-multifamiliar\/\">Habita\u00e7\u00e3o multifamiliar<\/a><\/span>\n\t\t\t\t\t<\/div>\n\t\n\t\t\t\n\t\t\t\t\t<\/div>\n\t<\/div>\n<\/div>\n\t\t\t<\/div>\n<\/article>\t<\/div>\n\t\n\t<\/div><div class=\"mkdf-portfolio-list-holder mkdf-grid-list mkdf-pl-gallery mkdf-three-columns mkdf-huge-space  mkdf-disable-bottom-space mkdf-pl-standard-shader    mkdf-pl-pag-no-pagination      \"  data-type=gallery data-number-of-columns=three data-space-between-items=huge data-number-of-items=9 data-image-proportions=square data-enable-fixed-proportions=no data-enable-image-shadow=no data-category=habitacao-unifamiliares data-orderby=date data-order=DESC data-item-style=standard-shader data-enable-title=yes data-title-tag=h5 data-enable-category=yes data-enable-excerpt=no data-pagination-type=no-pagination data-filter=no data-filter-order-by=name data-enable-article-animation=no data-portfolio-slider-on=no data-enable-loop=yes data-enable-autoplay=yes data-slider-speed=5000 data-slider-speed-animation=800 data-enable-navigation=yes data-enable-pagination=yes data-list-is-slider=no data-custom-stylization=no data-max-num-pages=1 data-next-page=2>\n\t\t<div class=\"mkdf-pl-inner mkdf-outer-space  clearfix\">\n\t\t\n<article class=\"mkdf-pl-item mkdf-item-space  post-6807 portfolio-item type-portfolio-item status-publish has-post-thumbnail hentry portfolio-category-habitacao-unifamiliares portfolio-tag-slideshow-mobile\" >\n\t<div class=\"mkdf-pl-item-inner\">\n\t\t<div class=\"mkdf-pli-image\">\n\t<a itemprop=\"url\" class=\"mkdf-pli-image-main\" <?if(basename($_SERVER['PHP_SELF'])!='index.php'){?>href=\"https:\/\/marioalvesarquiteto.pt\/index.php\/portfolio-item\/moradia-jc\/\" target=\"_self\" <?}?>>\n\t\t<img width=\"650\" height=\"650\" src=\"https:\/\/marioalvesarquiteto.pt\/wp-content\/uploads\/2023\/01\/20220612-MARIO-ALVES-ARQUITECTO-CASA-JC-090-650x650.jpg\" class=\"attachment-dor_mikado_image_square size-dor_mikado_image_square wp-post-image\" alt=\"\" loading=\"lazy\" srcset=\"https:\/\/marioalvesarquiteto.pt\/wp-content\/uploads\/2023\/01\/20220612-MARIO-ALVES-ARQUITECTO-CASA-JC-090-650x650.jpg 650w, https:\/\/marioalvesarquiteto.pt\/wp-content\/uploads\/2023\/01\/20220612-MARIO-ALVES-ARQUITECTO-CASA-JC-090-150x150.jpg 150w, https:\/\/marioalvesarquiteto.pt\/wp-content\/uploads\/2023\/01\/20220612-MARIO-ALVES-ARQUITECTO-CASA-JC-090-450x450.jpg 450w, https:\/\/marioalvesarquiteto.pt\/wp-content\/uploads\/2023\/01\/20220612-MARIO-ALVES-ARQUITECTO-CASA-JC-090-1300x1300.jpg 1300w\" sizes=\"(max-width: 650px) 100vw, 650px\" \/>\t<\/a>\n\t<\/div>\n<div class=\"mkdf-pli-text-holder\" >\n\t<div class=\"mkdf-pli-text-wrapper\">\n\t\t<div class=\"mkdf-pli-text\">\n\t\t\t\t<h5 itemprop=\"name\" class=\"mkdf-pli-title entry-title\" >\n\t\t<a itemprop=\"url\" href=\"https:\/\/marioalvesarquiteto.pt\/index.php\/portfolio-item\/moradia-jc\/\" target=\"_self\">\n\t\t\tMORADIA JC\t\t<\/a>\n\t<\/h5>\n\n\t\t\t\t\t<div class=\"mkdf-pli-category-holder\">\n\t\t\t\t\t\t\t<span class=\"mkdf-pli-category-outer\"><a itemprop=\"url\" class=\"mkdf-pli-category\" href=\"https:\/\/marioalvesarquiteto.pt\/index.php\/portfolio-category\/habitacao-unifamiliares\/\">Habita\u00e7\u00e3o Unifamiliares<\/a><\/span>\n\t\t\t\t\t<\/div>\n\t\n\t\t\t\n\t\t\t\t\t<\/div>\n\t<\/div>\n<\/div>\n\t\t\t<\/div>\n<\/article>\n<article class=\"mkdf-pl-item mkdf-item-space  post-6663 portfolio-item type-portfolio-item status-publish has-post-thumbnail hentry portfolio-category-habitacao-unifamiliares portfolio-tag-slideshow-mobile\" >\n\t<div class=\"mkdf-pl-item-inner\">\n\t\t<div class=\"mkdf-pli-image\">\n\t<a itemprop=\"url\" class=\"mkdf-pli-image-main\" <?if(basename($_SERVER['PHP_SELF'])!='index.php'){?>href=\"https:\/\/marioalvesarquiteto.pt\/index.php\/portfolio-item\/house-pe\/\" target=\"_self\" <?}?>>\n\t\t<img width=\"650\" height=\"650\" src=\"https:\/\/marioalvesarquiteto.pt\/wp-content\/uploads\/2022\/09\/IMG_20220116_145811_983-650x650.jpg\" class=\"attachment-dor_mikado_image_square size-dor_mikado_image_square wp-post-image\" alt=\"\" loading=\"lazy\" srcset=\"https:\/\/marioalvesarquiteto.pt\/wp-content\/uploads\/2022\/09\/IMG_20220116_145811_983-650x650.jpg 650w, https:\/\/marioalvesarquiteto.pt\/wp-content\/uploads\/2022\/09\/IMG_20220116_145811_983-300x300.jpg 300w, https:\/\/marioalvesarquiteto.pt\/wp-content\/uploads\/2022\/09\/IMG_20220116_145811_983-1024x1024.jpg 1024w, https:\/\/marioalvesarquiteto.pt\/wp-content\/uploads\/2022\/09\/IMG_20220116_145811_983-150x150.jpg 150w, https:\/\/marioalvesarquiteto.pt\/wp-content\/uploads\/2022\/09\/IMG_20220116_145811_983-768x768.jpg 768w, https:\/\/marioalvesarquiteto.pt\/wp-content\/uploads\/2022\/09\/IMG_20220116_145811_983-1536x1536.jpg 1536w, https:\/\/marioalvesarquiteto.pt\/wp-content\/uploads\/2022\/09\/IMG_20220116_145811_983-450x450.jpg 450w, https:\/\/marioalvesarquiteto.pt\/wp-content\/uploads\/2022\/09\/IMG_20220116_145811_983-1300x1300.jpg 1300w\" sizes=\"(max-width: 650px) 100vw, 650px\" \/>\t<\/a>\n\t<\/div>\n<div class=\"mkdf-pli-text-holder\" >\n\t<div class=\"mkdf-pli-text-wrapper\">\n\t\t<div class=\"mkdf-pli-text\">\n\t\t\t\t<h5 itemprop=\"name\" class=\"mkdf-pli-title entry-title\" >\n\t\t<a itemprop=\"url\" href=\"https:\/\/marioalvesarquiteto.pt\/index.php\/portfolio-item\/house-pe\/\" target=\"_self\">\n\t\t\tHOUSE PE\t\t<\/a>\n\t<\/h5>\n\n\t\t\t\t\t<div class=\"mkdf-pli-category-holder\">\n\t\t\t\t\t\t\t<span class=\"mkdf-pli-category-outer\"><a itemprop=\"url\" class=\"mkdf-pli-category\" href=\"https:\/\/marioalvesarquiteto.pt\/index.php\/portfolio-category\/habitacao-unifamiliares\/\">Habita\u00e7\u00e3o Unifamiliares<\/a><\/span>\n\t\t\t\t\t<\/div>\n\t\n\t\t\t\n\t\t\t\t\t<\/div>\n\t<\/div>\n<\/div>\n\t\t\t<\/div>\n<\/article>\n<article class=\"mkdf-pl-item mkdf-item-space  post-6653 portfolio-item type-portfolio-item status-publish has-post-thumbnail hentry portfolio-category-habitacao-unifamiliares\" >\n\t<div class=\"mkdf-pl-item-inner\">\n\t\t<div class=\"mkdf-pli-image\">\n\t<a itemprop=\"url\" class=\"mkdf-pli-image-main\" <?if(basename($_SERVER['PHP_SELF'])!='index.php'){?>href=\"https:\/\/marioalvesarquiteto.pt\/index.php\/portfolio-item\/house-jn-2\/\" target=\"_self\" <?}?>>\n\t\t<img width=\"650\" height=\"650\" src=\"https:\/\/marioalvesarquiteto.pt\/wp-content\/uploads\/2022\/09\/f1-650x650.jpg\" class=\"attachment-dor_mikado_image_square size-dor_mikado_image_square wp-post-image\" alt=\"\" loading=\"lazy\" srcset=\"https:\/\/marioalvesarquiteto.pt\/wp-content\/uploads\/2022\/09\/f1-650x650.jpg 650w, https:\/\/marioalvesarquiteto.pt\/wp-content\/uploads\/2022\/09\/f1-150x150.jpg 150w, https:\/\/marioalvesarquiteto.pt\/wp-content\/uploads\/2022\/09\/f1-450x450.jpg 450w, https:\/\/marioalvesarquiteto.pt\/wp-content\/uploads\/2022\/09\/f1-1300x1300.jpg 1300w\" sizes=\"(max-width: 650px) 100vw, 650px\" \/>\t<\/a>\n\t<\/div>\n<div class=\"mkdf-pli-text-holder\" >\n\t<div class=\"mkdf-pli-text-wrapper\">\n\t\t<div class=\"mkdf-pli-text\">\n\t\t\t\t<h5 itemprop=\"name\" class=\"mkdf-pli-title entry-title\" >\n\t\t<a itemprop=\"url\" href=\"https:\/\/marioalvesarquiteto.pt\/index.php\/portfolio-item\/house-jn-2\/\" target=\"_self\">\n\t\t\tHOUSE JN\t\t<\/a>\n\t<\/h5>\n\n\t\t\t\t\t<div class=\"mkdf-pli-category-holder\">\n\t\t\t\t\t\t\t<span class=\"mkdf-pli-category-outer\"><a itemprop=\"url\" class=\"mkdf-pli-category\" href=\"https:\/\/marioalvesarquiteto.pt\/index.php\/portfolio-category\/habitacao-unifamiliares\/\">Habita\u00e7\u00e3o Unifamiliares<\/a><\/span>\n\t\t\t\t\t<\/div>\n\t\n\t\t\t\n\t\t\t\t\t<\/div>\n\t<\/div>\n<\/div>\n\t\t\t<\/div>\n<\/article>\n<article class=\"mkdf-pl-item mkdf-item-space  post-6632 portfolio-item type-portfolio-item status-publish has-post-thumbnail hentry portfolio-category-habitacao-unifamiliares portfolio-tag-slideshow-mobile\" >\n\t<div class=\"mkdf-pl-item-inner\">\n\t\t<div class=\"mkdf-pli-image\">\n\t<a itemprop=\"url\" class=\"mkdf-pli-image-main\" <?if(basename($_SERVER['PHP_SELF'])!='index.php'){?>href=\"https:\/\/marioalvesarquiteto.pt\/index.php\/portfolio-item\/house-cv\/\" target=\"_self\" <?}?>>\n\t\t<img width=\"650\" height=\"650\" src=\"https:\/\/marioalvesarquiteto.pt\/wp-content\/uploads\/2022\/09\/1-rede-650x650.jpg\" class=\"attachment-dor_mikado_image_square size-dor_mikado_image_square wp-post-image\" alt=\"\" loading=\"lazy\" srcset=\"https:\/\/marioalvesarquiteto.pt\/wp-content\/uploads\/2022\/09\/1-rede-650x650.jpg 650w, https:\/\/marioalvesarquiteto.pt\/wp-content\/uploads\/2022\/09\/1-rede-150x150.jpg 150w, https:\/\/marioalvesarquiteto.pt\/wp-content\/uploads\/2022\/09\/1-rede-450x450.jpg 450w, https:\/\/marioalvesarquiteto.pt\/wp-content\/uploads\/2022\/09\/1-rede-1300x1300.jpg 1300w\" sizes=\"(max-width: 650px) 100vw, 650px\" \/>\t<\/a>\n\t<\/div>\n<div class=\"mkdf-pli-text-holder\" >\n\t<div class=\"mkdf-pli-text-wrapper\">\n\t\t<div class=\"mkdf-pli-text\">\n\t\t\t\t<h5 itemprop=\"name\" class=\"mkdf-pli-title entry-title\" >\n\t\t<a itemprop=\"url\" href=\"https:\/\/marioalvesarquiteto.pt\/index.php\/portfolio-item\/house-cv\/\" target=\"_self\">\n\t\t\tHOUSE CV\t\t<\/a>\n\t<\/h5>\n\n\t\t\t\t\t<div class=\"mkdf-pli-category-holder\">\n\t\t\t\t\t\t\t<span class=\"mkdf-pli-category-outer\"><a itemprop=\"url\" class=\"mkdf-pli-category\" href=\"https:\/\/marioalvesarquiteto.pt\/index.php\/portfolio-category\/habitacao-unifamiliares\/\">Habita\u00e7\u00e3o Unifamiliares<\/a><\/span>\n\t\t\t\t\t<\/div>\n\t\n\t\t\t\n\t\t\t\t\t<\/div>\n\t<\/div>\n<\/div>\n\t\t\t<\/div>\n<\/article>\n<article class=\"mkdf-pl-item mkdf-item-space  post-6410 portfolio-item type-portfolio-item status-publish has-post-thumbnail hentry portfolio-category-habitacao-unifamiliares portfolio-tag-slideshow\" >\n\t<div class=\"mkdf-pl-item-inner\">\n\t\t<div class=\"mkdf-pli-image\">\n\t<a itemprop=\"url\" class=\"mkdf-pli-image-main\" <?if(basename($_SERVER['PHP_SELF'])!='index.php'){?>href=\"https:\/\/marioalvesarquiteto.pt\/index.php\/portfolio-item\/house-se\/\" target=\"_self\" <?}?>>\n\t\t<img width=\"650\" height=\"650\" src=\"https:\/\/marioalvesarquiteto.pt\/wp-content\/uploads\/2022\/09\/HOME-5-650x650.jpg\" class=\"attachment-dor_mikado_image_square size-dor_mikado_image_square wp-post-image\" alt=\"\" loading=\"lazy\" srcset=\"https:\/\/marioalvesarquiteto.pt\/wp-content\/uploads\/2022\/09\/HOME-5-650x650.jpg 650w, https:\/\/marioalvesarquiteto.pt\/wp-content\/uploads\/2022\/09\/HOME-5-150x150.jpg 150w, https:\/\/marioalvesarquiteto.pt\/wp-content\/uploads\/2022\/09\/HOME-5-450x450.jpg 450w\" sizes=\"(max-width: 650px) 100vw, 650px\" \/>\t<\/a>\n\t<\/div>\n<div class=\"mkdf-pli-text-holder\" >\n\t<div class=\"mkdf-pli-text-wrapper\">\n\t\t<div class=\"mkdf-pli-text\">\n\t\t\t\t<h5 itemprop=\"name\" class=\"mkdf-pli-title entry-title\" >\n\t\t<a itemprop=\"url\" href=\"https:\/\/marioalvesarquiteto.pt\/index.php\/portfolio-item\/house-se\/\" target=\"_self\">\n\t\t\tHOUSE SE\t\t<\/a>\n\t<\/h5>\n\n\t\t\t\t\t<div class=\"mkdf-pli-category-holder\">\n\t\t\t\t\t\t\t<span class=\"mkdf-pli-category-outer\"><a itemprop=\"url\" class=\"mkdf-pli-category\" href=\"https:\/\/marioalvesarquiteto.pt\/index.php\/portfolio-category\/habitacao-unifamiliares\/\">Habita\u00e7\u00e3o Unifamiliares<\/a><\/span>\n\t\t\t\t\t<\/div>\n\t\n\t\t\t\n\t\t\t\t\t<\/div>\n\t<\/div>\n<\/div>\n\t\t\t<\/div>\n<\/article>\n<article class=\"mkdf-pl-item mkdf-item-space  post-6378 portfolio-item type-portfolio-item status-publish has-post-thumbnail hentry portfolio-category-habitacao-unifamiliares portfolio-tag-portfolio\" >\n\t<div class=\"mkdf-pl-item-inner\">\n\t\t<div class=\"mkdf-pli-image\">\n\t<a itemprop=\"url\" class=\"mkdf-pli-image-main\" <?if(basename($_SERVER['PHP_SELF'])!='index.php'){?>href=\"https:\/\/marioalvesarquiteto.pt\/index.php\/portfolio-item\/house-as\/\" target=\"_self\" <?}?>>\n\t\t<img width=\"650\" height=\"650\" src=\"https:\/\/marioalvesarquiteto.pt\/wp-content\/uploads\/2022\/09\/20220430-MARIO-ALVES-ARQUITECTO-CASA-CORTICA-063-650x650.jpg\" class=\"attachment-dor_mikado_image_square size-dor_mikado_image_square wp-post-image\" alt=\"\" loading=\"lazy\" srcset=\"https:\/\/marioalvesarquiteto.pt\/wp-content\/uploads\/2022\/09\/20220430-MARIO-ALVES-ARQUITECTO-CASA-CORTICA-063-650x650.jpg 650w, https:\/\/marioalvesarquiteto.pt\/wp-content\/uploads\/2022\/09\/20220430-MARIO-ALVES-ARQUITECTO-CASA-CORTICA-063-150x150.jpg 150w, https:\/\/marioalvesarquiteto.pt\/wp-content\/uploads\/2022\/09\/20220430-MARIO-ALVES-ARQUITECTO-CASA-CORTICA-063-450x450.jpg 450w, https:\/\/marioalvesarquiteto.pt\/wp-content\/uploads\/2022\/09\/20220430-MARIO-ALVES-ARQUITECTO-CASA-CORTICA-063-1300x1300.jpg 1300w\" sizes=\"(max-width: 650px) 100vw, 650px\" \/>\t<\/a>\n\t<\/div>\n<div class=\"mkdf-pli-text-holder\" >\n\t<div class=\"mkdf-pli-text-wrapper\">\n\t\t<div class=\"mkdf-pli-text\">\n\t\t\t\t<h5 itemprop=\"name\" class=\"mkdf-pli-title entry-title\" >\n\t\t<a itemprop=\"url\" href=\"https:\/\/marioalvesarquiteto.pt\/index.php\/portfolio-item\/house-as\/\" target=\"_self\">\n\t\t\tHOUSE AS\t\t<\/a>\n\t<\/h5>\n\n\t\t\t\t\t<div class=\"mkdf-pli-category-holder\">\n\t\t\t\t\t\t\t<span class=\"mkdf-pli-category-outer\"><a itemprop=\"url\" class=\"mkdf-pli-category\" href=\"https:\/\/marioalvesarquiteto.pt\/index.php\/portfolio-category\/habitacao-unifamiliares\/\">Habita\u00e7\u00e3o Unifamiliares<\/a><\/span>\n\t\t\t\t\t<\/div>\n\t\n\t\t\t\n\t\t\t\t\t<\/div>\n\t<\/div>\n<\/div>\n\t\t\t<\/div>\n<\/article>\n<article class=\"mkdf-pl-item mkdf-item-space  post-6373 portfolio-item type-portfolio-item status-publish has-post-thumbnail hentry portfolio-category-habitacao-unifamiliares portfolio-tag-portfolio\" >\n\t<div class=\"mkdf-pl-item-inner\">\n\t\t<div class=\"mkdf-pli-image\">\n\t<a itemprop=\"url\" class=\"mkdf-pli-image-main\" <?if(basename($_SERVER['PHP_SELF'])!='index.php'){?>href=\"https:\/\/marioalvesarquiteto.pt\/index.php\/portfolio-item\/house-ac\/\" target=\"_self\" <?}?>>\n\t\t<img width=\"650\" height=\"650\" src=\"https:\/\/marioalvesarquiteto.pt\/wp-content\/uploads\/2022\/09\/IMG_20211012_175001_786-650x650.jpg\" class=\"attachment-dor_mikado_image_square size-dor_mikado_image_square wp-post-image\" alt=\"\" loading=\"lazy\" srcset=\"https:\/\/marioalvesarquiteto.pt\/wp-content\/uploads\/2022\/09\/IMG_20211012_175001_786-650x650.jpg 650w, https:\/\/marioalvesarquiteto.pt\/wp-content\/uploads\/2022\/09\/IMG_20211012_175001_786-150x150.jpg 150w, https:\/\/marioalvesarquiteto.pt\/wp-content\/uploads\/2022\/09\/IMG_20211012_175001_786-450x450.jpg 450w, https:\/\/marioalvesarquiteto.pt\/wp-content\/uploads\/2022\/09\/IMG_20211012_175001_786-1300x1300.jpg 1300w\" sizes=\"(max-width: 650px) 100vw, 650px\" \/>\t<\/a>\n\t<\/div>\n<div class=\"mkdf-pli-text-holder\" >\n\t<div class=\"mkdf-pli-text-wrapper\">\n\t\t<div class=\"mkdf-pli-text\">\n\t\t\t\t<h5 itemprop=\"name\" class=\"mkdf-pli-title entry-title\" >\n\t\t<a itemprop=\"url\" href=\"https:\/\/marioalvesarquiteto.pt\/index.php\/portfolio-item\/house-ac\/\" target=\"_self\">\n\t\t\tHOUSE AC\t\t<\/a>\n\t<\/h5>\n\n\t\t\t\t\t<div class=\"mkdf-pli-category-holder\">\n\t\t\t\t\t\t\t<span class=\"mkdf-pli-category-outer\"><a itemprop=\"url\" class=\"mkdf-pli-category\" href=\"https:\/\/marioalvesarquiteto.pt\/index.php\/portfolio-category\/habitacao-unifamiliares\/\">Habita\u00e7\u00e3o Unifamiliares<\/a><\/span>\n\t\t\t\t\t<\/div>\n\t\n\t\t\t\n\t\t\t\t\t<\/div>\n\t<\/div>\n<\/div>\n\t\t\t<\/div>\n<\/article>\n<article class=\"mkdf-pl-item mkdf-item-space  post-2354 portfolio-item type-portfolio-item status-publish has-post-thumbnail hentry portfolio-category-habitacao-unifamiliares portfolio-tag-slideshow\" >\n\t<div class=\"mkdf-pl-item-inner\">\n\t\t<div class=\"mkdf-pli-image\">\n\t<a itemprop=\"url\" class=\"mkdf-pli-image-main\" <?if(basename($_SERVER['PHP_SELF'])!='index.php'){?>href=\"https:\/\/marioalvesarquiteto.pt\/index.php\/portfolio-item\/house-sm-2\/\" target=\"_self\" <?}?>>\n\t\t<img width=\"650\" height=\"650\" src=\"https:\/\/marioalvesarquiteto.pt\/wp-content\/uploads\/2019\/03\/HOME-1-650x650.jpg\" class=\"attachment-dor_mikado_image_square size-dor_mikado_image_square wp-post-image\" alt=\"\" loading=\"lazy\" srcset=\"https:\/\/marioalvesarquiteto.pt\/wp-content\/uploads\/2019\/03\/HOME-1-650x650.jpg 650w, https:\/\/marioalvesarquiteto.pt\/wp-content\/uploads\/2019\/03\/HOME-1-150x150.jpg 150w, https:\/\/marioalvesarquiteto.pt\/wp-content\/uploads\/2019\/03\/HOME-1-450x450.jpg 450w\" sizes=\"(max-width: 650px) 100vw, 650px\" \/>\t<\/a>\n\t<\/div>\n<div class=\"mkdf-pli-text-holder\" >\n\t<div class=\"mkdf-pli-text-wrapper\">\n\t\t<div class=\"mkdf-pli-text\">\n\t\t\t\t<h5 itemprop=\"name\" class=\"mkdf-pli-title entry-title\" >\n\t\t<a itemprop=\"url\" href=\"https:\/\/marioalvesarquiteto.pt\/index.php\/portfolio-item\/house-sm-2\/\" target=\"_self\">\n\t\t\tHOUSE SM\t\t<\/a>\n\t<\/h5>\n\n\t\t\t\t\t<div class=\"mkdf-pli-category-holder\">\n\t\t\t\t\t\t\t<span class=\"mkdf-pli-category-outer\"><a itemprop=\"url\" class=\"mkdf-pli-category\" href=\"https:\/\/marioalvesarquiteto.pt\/index.php\/portfolio-category\/habitacao-unifamiliares\/\">Habita\u00e7\u00e3o Unifamiliares<\/a><\/span>\n\t\t\t\t\t<\/div>\n\t\n\t\t\t\n\t\t\t\t\t<\/div>\n\t<\/div>\n<\/div>\n\t\t\t<\/div>\n<\/article>\t<\/div>\n\t\n\t<\/div>    <\/div>\n<\/div>\t\t<\/div>\n\t\t\t\t<\/div>\n\t\t\t\t\t<\/div>\n\t\t<\/div>\n\t\t\t\t\t\t\t<\/div>\n\t\t<\/section>\n\t\t\t\t\t\t\t<\/div>\n\t\t","protected":false},"excerpt":{"rendered":"<p>Habita\u00e7\u00e3o multifamiliar Habita\u00e7\u00e3o Unifamiliares 5 AVENIDA Habita\u00e7\u00e3o multifamiliar PURO H Habita\u00e7\u00e3o multifamiliar HOUSE SM Habita\u00e7\u00e3o Unifamiliares HOUSE SE Habita\u00e7\u00e3o Unifamiliares HOUSE PE Habita\u00e7\u00e3o Unifamiliares HOUSE JN Habita\u00e7\u00e3o Unifamiliares HOUSE FC Habita\u00e7\u00e3o Unifamiliares HOUSE CV Habita\u00e7\u00e3o Unifamiliares HOUSE AS Habita\u00e7\u00e3o Unifamiliares [&hellip;]<\/p>\n","protected":false},"author":1,"featured_media":0,"parent":0,"menu_order":0,"comment_status":"closed","ping_status":"closed","template":"full-width.php","meta":[],"_links":{"self":[{"href":"https:\/\/marioalvesarquiteto.pt\/index.php\/wp-json\/wp\/v2\/pages\/2651"}],"collection":[{"href":"https:\/\/marioalvesarquiteto.pt\/index.php\/wp-json\/wp\/v2\/pages"}],"about":[{"href":"https:\/\/marioalvesarquiteto.pt\/index.php\/wp-json\/wp\/v2\/types\/page"}],"author":[{"embeddable":true,"href":"https:\/\/marioalvesarquiteto.pt\/index.php\/wp-json\/wp\/v2\/users\/1"}],"replies":[{"embeddable":true,"href":"https:\/\/marioalvesarquiteto.pt\/index.php\/wp-json\/wp\/v2\/comments?post=2651"}],"version-history":[{"count":21,"href":"https:\/\/marioalvesarquiteto.pt\/index.php\/wp-json\/wp\/v2\/pages\/2651\/revisions"}],"predecessor-version":[{"id":6786,"href":"https:\/\/marioalvesarquiteto.pt\/index.php\/wp-json\/wp\/v2\/pages\/2651\/revisions\/6786"}],"wp:attachment":[{"href":"https:\/\/marioalvesarquiteto.pt\/index.php\/wp-json\/wp\/v2\/media?parent=2651"}],"curies":[{"name":"wp","href":"https:\/\/api.w.org\/{rel}","templated":true}]}}